{"id":6144,"date":"2025-04-07T11:54:02","date_gmt":"2025-04-07T11:54:02","guid":{"rendered":"https:\/\/taranto.globalcruiseports.com\/?page_id=6144"},"modified":"2026-02-25T17:39:08","modified_gmt":"2026-02-25T17:39:08","slug":"ssa","status":"publish","type":"page","link":"https:\/\/tarantocruiseport.com\/it\/ssa\/","title":{"rendered":"SSA"},"content":{"rendered":"\r\n<style>\r\n.page-content-wrapper{\r\n\t\tz-index: 2;\t\r\n\t}\r\n<\/style>\r\n\r\n<section class=\"section page page-sustainability footer-space-pd page-bg-light  desktop-footer-space-pd hse-menu\">\r\n\t<style>\r\n                .page-header-bg {\r\n                    background-image: url(https:\/\/tarantocruiseport.com\/wp-content\/uploads\/sites\/51\/2025\/04\/HSE.png);\r\n                    background-size: cover;\r\n                    background-position: center;\r\n                }\r\n\t\t\t\t.hero-content{\r\n\t\t\t\t    top: 50%;\r\n    \t\t\t\tposition: absolute;\r\n    \t\t\t\ttransform: translateY(-50%);\r\n\t\t\t\t}\r\n              <\/style><div class=\"page-header-bg pr\">\t<div class=\"container w100\">\r\n\t\t<div class=\"row flex hero-content\">\r\n\t\t\t<div class=\"cl-12 page-header\">\r\n\t\t\t\t<h5 style=\"text-transform:uppercase;\">Salute, sicurezza e ambiente<\/h5>\r\n\t\t\t\t<h1>Salute, sicurezza e ambiente<\/h1>\r\n\t\t\t<\/div>\r\n\t\t<\/div>\r\n\t<\/div>\r\n\t<\/div>\r\n\t<div class=\"page-content-wrapper pr\">\r\n\t\t<div class=\"container\">\r\n\t\t\t<div class=\"row flex align-i-center justify-c-center\">\r\n\t\t\t\t<div class=\"cl-10\">\r\n\t\t\t\t\t<div class=\"page-bg-white\">\r\n\t\t\t\t\t\t<div class=\"row flex page-sub-menu\">\r\n\t\t\t\t\t\t\t<div class=\"cl-12\">\r\n\t\t\t\t\t\t\t\t<ul class=\"flex align-i-center justify-c-center\">\r\n\t\t\t\t\t\t\t\t\t\t\t\t\t\t\t\t\t\t\t<li id=\"tabButton1\"\r\n\t\t\t\t\t\t\t\t\t\t\tclass=\"tab-button current-menu-item\">\r\n\t\t\t\t\t\t\t\t\t\t\t<span\r\n\t\t\t\t\t\t\t\t\t\t\t\tonclick=\"showTab('tab1', 'tabButton1')\">Salute e sicurezza<\/span>\r\n\t\t\t\t\t\t\t\t\t\t<\/li>\r\n\t\t\t\t\t\t\t\t\t\t\t\t\t\t\t\t\t<\/ul>\r\n\t\t\t\t\t\t\t<\/div>\r\n\t\t\t\t\t\t<\/div>\r\n\t\t\t\t\t\t<div class=\"row flex\">\r\n\t\t\t\t\t\t\t<div class=\"cl-12\">\r\n\t\t\t\t\t\t\t\t\t\t\t\t\t\t\t\t\t<div id=\"tab1\"\r\n\t\t\t\t\t\t\t\t\t\tclass=\"tab-2-content active-tab\">\r\n\t\t\t\t\t\t\t\t\t\t<p>Nel dare compimento alla sua missione di promuovere Taranto e la regione Puglia come destinazione crocieristica e di qualificare il porto come green port, Taranto Cruise Port si impegna:rnu003ch4u003enei confronti dei suoi clienti, intesi come Cruise Lines e crocieristiu003c\/h4u003erna offrire servizi di alta qualit\u00e0, in linea con tutte le normative vigenti e nel rispetto dell&#8217;ambiente;rnrna monitorare e migliorare nel tempo le proprie prestazioni in termini di qualit\u00e0 dei servizi, flessibilit\u00e0, capacit\u00e0 di adattamento, soddisfazione dei clienti;rnrna monitorare e a ridurre gli impatti ambientali delle proprie attivit\u00e0 e di quelle dei propri fornitori per tutti gli aspetti individuati come rilevanti.rnu003ch4u003eNei confronti del personaleu003c\/h4u003erna una costante attenzione e analisi dei bisogni dei dipendenti, nonch\u00e9 allo sviluppo delle necessarie competenze, ottenuto attraverso un&#8217;attenta pianificazione della formazione. Inoltre, la Direzione si prefigge di verificare che lo staff sia sempre consapevole del proprio operato e dei relativi effetti in positivo e negativo sui processi aziendali.rnu003ch4u003eNei confronti del territoriou003c\/h4u003erna promuoverlo, diffondendo la conoscenza delle bellezze storico-artistico-culturali e paesaggistiche e favorendo il lavoro delle aziende locali, ponendo la massima attenzione affinch\u00e9 tutte le attivit\u00e0 siano svolte con il minimo impatto ambientale.rnrnLa Direzione ha stanziato i fondi e ha messo a disposizione personale e strumenti necessari per la realizzazione del Sistema di Gestione Integrato per la Qualit\u00e0 e l&#8217;Ambiente, che sar\u00e0 costantemente monitorato e periodicamente valutato attraverso gli indicatori chiave di performance che l&#8217;azienda si \u00e8 data per il raggiungimento degli obiettivi fissati per ciascun processo, considerate le aspettative delle parti interessate.<\/p>\n\t\t\t\t\t\t\t\t\t\t\r\n\t\t\t\t\t\t\t\t\t<\/div>\r\n\t\t\t\t\t\t\t\t\t\t\t\t\t\t\t<\/div>\r\n\t\t\t\t\t\t<\/div>\r\n\t\t\t\t\t<\/div>\r\n\t\t\t\t<\/div>\r\n\t\t\t<\/div>\r\n\t\t<\/div>\r\n\t<\/div>\r\n<\/section>","protected":false},"excerpt":{"rendered":"","protected":false},"author":17,"featured_media":0,"parent":0,"menu_order":40,"comment_status":"closed","ping_status":"closed","template":"","meta":{"_acf_changed":false,"footnotes":""},"class_list":["post-6144","page","type-page","status-publish","hentry"],"acf":[],"_links":{"self":[{"href":"https:\/\/tarantocruiseport.com\/it\/wp-json\/wp\/v2\/pages\/6144","targetHints":{"allow":["GET"]}}],"collection":[{"href":"https:\/\/tarantocruiseport.com\/it\/wp-json\/wp\/v2\/pages"}],"about":[{"href":"https:\/\/tarantocruiseport.com\/it\/wp-json\/wp\/v2\/types\/page"}],"author":[{"embeddable":true,"href":"https:\/\/tarantocruiseport.com\/it\/wp-json\/wp\/v2\/users\/17"}],"replies":[{"embeddable":true,"href":"https:\/\/tarantocruiseport.com\/it\/wp-json\/wp\/v2\/comments?post=6144"}],"version-history":[{"count":7,"href":"https:\/\/tarantocruiseport.com\/it\/wp-json\/wp\/v2\/pages\/6144\/revisions"}],"predecessor-version":[{"id":7630,"href":"https:\/\/tarantocruiseport.com\/it\/wp-json\/wp\/v2\/pages\/6144\/revisions\/7630"}],"wp:attachment":[{"href":"https:\/\/tarantocruiseport.com\/it\/wp-json\/wp\/v2\/media?parent=6144"}],"curies":[{"name":"wp","href":"https:\/\/api.w.org\/{rel}","templated":true}]}}