{"id":6309,"date":"2024-03-10T15:16:14","date_gmt":"2024-03-10T15:16:14","guid":{"rendered":"https:\/\/taranto.globalcruiseports.com\/?page_id=6309"},"modified":"2026-02-25T17:34:21","modified_gmt":"2026-02-25T17:34:21","slug":"brevi-escursioni","status":"publish","type":"page","link":"https:\/\/tarantocruiseport.com\/it\/destinazione\/brevi-escursioni\/","title":{"rendered":"Brevi Escursioni"},"content":{"rendered":"\r\n<section class=\"section page page-bg-light \">\r\n\t<style>\r\n                .page-header-bg {\r\n                    background-image: url(https:\/\/tarantocruiseport.com\/wp-content\/uploads\/sites\/51\/2025\/03\/short-scaled.jpg);\r\n                    background-size: cover;\r\n                    background-position: center;\r\n                }\r\n\t\t\t\t.hero-content{\r\n\t\t\t\t    top: 50%;\r\n    \t\t\t\tposition: absolute;\r\n    \t\t\t\ttransform: translateY(-50%);\r\n\t\t\t\t}\r\n              <\/style><div class=\"page-header-bg pr\">\t<div class=\"container w100\">\r\n\t\t<div class=\"row flex hero-content\">\r\n\t\t\t<div class=\"cl-12 page-header\">\r\n\t\t\t<h5 class=\"uppercase\">\r\n\tDESTINAZIONE >  Brevi Escursioni<\/h5>\r\n\r\n\t\t\t\t<h1><\/h1>\r\n\t\t\t<\/div>\r\n\t\t<\/div>\r\n\t<\/div>\r\n\t<\/div>\r\n<\/section>\r\n\r\n<div class=\"section-page-top-menu-wrapper\">\r\n\t<nav class=\"menu-class\"><ul id=\"menu-destination-it\" class=\"menu flex align-i-center justify-c-center\"><li id=\"menu-item-6400\" class=\"menu-item menu-item-type-post_type menu-item-object-page menu-item-6400\"><a href=\"https:\/\/tarantocruiseport.com\/it\/destinazione\/eventi\/\">Eventi<\/a><\/li>\n<li id=\"menu-item-6401\" class=\"menu-item menu-item-type-post_type menu-item-object-page menu-item-6401\"><a href=\"https:\/\/tarantocruiseport.com\/it\/destinazione\/attrazioni-principali\/\">Attrazioni principali<\/a><\/li>\n<li id=\"menu-item-6404\" class=\"menu-item menu-item-type-post_type menu-item-object-page menu-item-6404\"><a href=\"https:\/\/tarantocruiseport.com\/it\/destinazione\/cosa-comprare\/\">Cosa comprare<\/a><\/li>\n<li id=\"menu-item-6402\" class=\"menu-item menu-item-type-post_type menu-item-object-page menu-item-6402\"><a href=\"https:\/\/tarantocruiseport.com\/it\/destinazione\/brevi-escursioni\/\">Brevi Escursioni<\/a><\/li>\n<li id=\"menu-item-6405\" class=\"menu-item menu-item-type-post_type menu-item-object-page menu-item-6405\"><a href=\"https:\/\/tarantocruiseport.com\/it\/destinazione\/consigli-utili\/\">Consigli Utili<\/a><\/li>\n<li id=\"menu-item-6403\" class=\"menu-item menu-item-type-post_type menu-item-object-page menu-item-6403\"><a href=\"https:\/\/tarantocruiseport.com\/it\/destinazione\/negozi-ristoranti\/\">Negozi &amp; Ristoranti<\/a><\/li>\n<\/ul><\/nav><\/div>\r\n\r\n<script>\r\n\tdocument.addEventListener(\"DOMContentLoaded\", function () {\r\n    \/\/ Sadece mobilde \u00e7al\u0131\u015ft\u0131r\r\n    if (window.innerWidth <= 768) {\r\n        var currentMenuItem = document.querySelector(\"#menu-destination .current-menu-item\");\r\n        if (currentMenuItem) {\r\n            currentMenuItem.scrollIntoView({\r\n                behavior: \"smooth\",\r\n                block: \"nearest\",\r\n                inline: \"center\"\r\n            });\r\n        }\r\n    }\r\n});\r\n\r\n<\/script>\r\n\r\n<section class=\"section section-content-title \">\r\n\t<div class=\"container\">\r\n\t\t<div class=\"row flex align-i-center\">\r\n\t\t\t<div class=\"cl-5\">\r\n\t\t\t\t<h3><\/h3>\r\n\t\t\t\t<h2>\r\n\t\t\t\t\tLa Tua Guida Locale\t\t\t\t\t<br>\r\n\t\t\t\t\t<span class=\"primary-color\">Brevi Escursioni<\/span>\r\n\t\t\t\t<\/h2>\r\n\t\t\t<\/div>\r\n\t\t\t<div class=\"cl-7\">\r\n\t\t\t\t<p class=\"grey-color\">Lascia che la tua guida locale ti accompagni in emozionanti brevi escursioni, tra monumenti culturali, attrazioni uniche e panorami mozzafiato. Scopri esperienze che creeranno ricordi indimenticabili.<\/p>\r\n\t\t\t<\/div>\r\n\t\t<\/div>\r\n\t<\/div>\r\n<\/section>\r\n\r\n<section class=\"destination-posts-wrapper\">\r\n\t<div class=\"container\">\r\n\t\t<div id=\"posts-list-view\">\r\n\t\t\t<div class=\"row flex\">\r\n\t\t\t\t<div class=\"cl-12\">\r\n\t\t\t\t\t\r\n\t\t\t\t\t\t<div id=\"short-trips-container\" class=\"row flex flex-wrap list-posts\">\r\n\t\t\t\t\t\t\t<div class=\"cl-4\" id=\"pID-6591\">\r\n\t<div class=\"item\">\r\n\t\t<div class=\"post-destinations-listing-image\">\r\n\t\t\t<img decoding=\"async\" src=\"https:\/\/tarantocruiseport.com\/wp-content\/uploads\/sites\/51\/2025\/03\/Magna_Graecia.png\" alt=\"\" class=\"w100\" \/>\r\n\t\t\t\t\t<\/div>\r\n\t\t\t\t<div class=\"post-destinations-title\" style=\"align-items: start; gap: 20px; min-height: 6rem;\">\r\n\r\n\r\n\r\n\t\t\t<p style=\"max-width: 70%;\">Taranto: le radici greche<\/p>\r\n\t\t<div class=\"date\">\r\n\t\t\t5 ORE\r\n\t\t\t<svg xmlns=\"http:\/\/www.w3.org\/2000\/svg\" width=\"20.471\" height=\"20.471\" viewBox=\"0 0 20.471 20.471\"><path id=\"Icon_awesome-clock\" data-name=\"Icon awesome-clock\" d=\"M10.8.563A10.235,10.235,0,1,0,21.033,10.8,10.234,10.234,0,0,0,10.8.563Zm2.357,14.449-3.64-2.646a.5.5,0,0,1-.2-.4V5.02a.5.5,0,0,1,.5-.5h1.981a.5.5,0,0,1,.5.5V10.7L14.9,12.61a.5.5,0,0,1,.107.693l-1.164,1.6A.5.5,0,0,1,13.154,15.012Z\" transform=\"translate(-0.563 -0.563)\" fill=\"#707070\"\/><\/svg>\r\n\t\t<\/div>\r\n\t\t\t\t<\/div>\r\n\r\n\r\n\t\t<div class=\"post-destinations-summary\">\r\n\t\t\tSegui questo percorso alla scoperta delle antiche origini spartane di Taranto, citt\u00e0 della Magna Grecia.\r\n\t\t<\/div>\r\n\t\t\t\t\t<div class=\"post-destinations-learn-more\">\r\n\t\t\t\t<a href=\"https:\/\/tarantocruiseport.com\/it\/brevi-escursioni\/taranto-le-radici-greche\/\" class=\"cta primary-color\">\r\n\t\t\t\t\tSCOPRI DI PI\u00d9\r\n\t\t\t\t\t<svg xmlns=\"http:\/\/www.w3.org\/2000\/svg\" width=\"12.828\" height=\"12.829\" viewBox=\"0 0 12.828 12.829\">\r\n\t\t\t\t\t\t<g id=\"Icon_feather-arrow-up-right\" data-name=\"Icon feather-arrow-up-right\"\r\n\t\t\t\t\t\t\ttransform=\"translate(-9.086 -9.086)\">\r\n\t\t\t\t\t\t\t<path id=\"Path_3\" data-name=\"Path 3\" d=\"M10.5,20.5l10-10\" fill=\"none\" class=\"primary-stroke\"\r\n\t\t\t\t\t\t\t\tstroke-linecap=\"round\" stroke-linejoin=\"round\" stroke-width=\"2\"><\/path>\r\n\t\t\t\t\t\t\t<path id=\"Path_4\" data-name=\"Path 4\" d=\"M10.5,10.5h10v10\" fill=\"none\" class=\"primary-stroke\"\r\n\t\t\t\t\t\t\t\tstroke-linecap=\"round\" stroke-linejoin=\"round\" stroke-width=\"2\"><\/path>\r\n\t\t\t\t\t\t<\/g>\r\n\t\t\t\t\t<\/svg>\r\n\t\t\t\t<\/a>\r\n\t\t\t<\/div>\r\n\t\t\r\n\t<\/div>\r\n<\/div><div class=\"cl-4\" id=\"pID-6599\">\r\n\t<div class=\"item\">\r\n\t\t<div class=\"post-destinations-listing-image\">\r\n\t\t\t<img decoding=\"async\" src=\"https:\/\/tarantocruiseport.com\/wp-content\/uploads\/sites\/51\/2025\/03\/Dolphins.png\" alt=\"\" class=\"w100\" \/>\r\n\t\t\t\t\t<\/div>\r\n\t\t\t\t<div class=\"post-destinations-title\" style=\"align-items: start; gap: 20px; min-height: 6rem;\">\r\n\r\n\r\n\r\n\t\t\t<p style=\"max-width: 70%;\">I Delfini di Taras<\/p>\r\n\t\t<div class=\"date\">\r\n\t\t\t3 ORE\r\n\t\t\t<svg xmlns=\"http:\/\/www.w3.org\/2000\/svg\" width=\"20.471\" height=\"20.471\" viewBox=\"0 0 20.471 20.471\"><path id=\"Icon_awesome-clock\" data-name=\"Icon awesome-clock\" d=\"M10.8.563A10.235,10.235,0,1,0,21.033,10.8,10.234,10.234,0,0,0,10.8.563Zm2.357,14.449-3.64-2.646a.5.5,0,0,1-.2-.4V5.02a.5.5,0,0,1,.5-.5h1.981a.5.5,0,0,1,.5.5V10.7L14.9,12.61a.5.5,0,0,1,.107.693l-1.164,1.6A.5.5,0,0,1,13.154,15.012Z\" transform=\"translate(-0.563 -0.563)\" fill=\"#707070\"\/><\/svg>\r\n\t\t<\/div>\r\n\t\t\t\t<\/div>\r\n\r\n\r\n\t\t<div class=\"post-destinations-summary\">\r\n\t\t\tDa almeno 4000 anni i delfini abitano le acque del porto di Taranto, come testimoniano numerose storie e leggende, in cui compaiono sempre come segno di fortuna o di buon auspicio. Che ne dici di visitarli?\r\n\t\t<\/div>\r\n\t\t\t\t\t<div class=\"post-destinations-learn-more\">\r\n\t\t\t\t<a href=\"https:\/\/tarantocruiseport.com\/it\/brevi-escursioni\/i-delfini-di-taras\/\" class=\"cta primary-color\">\r\n\t\t\t\t\tSCOPRI DI PI\u00d9\r\n\t\t\t\t\t<svg xmlns=\"http:\/\/www.w3.org\/2000\/svg\" width=\"12.828\" height=\"12.829\" viewBox=\"0 0 12.828 12.829\">\r\n\t\t\t\t\t\t<g id=\"Icon_feather-arrow-up-right\" data-name=\"Icon feather-arrow-up-right\"\r\n\t\t\t\t\t\t\ttransform=\"translate(-9.086 -9.086)\">\r\n\t\t\t\t\t\t\t<path id=\"Path_3\" data-name=\"Path 3\" d=\"M10.5,20.5l10-10\" fill=\"none\" class=\"primary-stroke\"\r\n\t\t\t\t\t\t\t\tstroke-linecap=\"round\" stroke-linejoin=\"round\" stroke-width=\"2\"><\/path>\r\n\t\t\t\t\t\t\t<path id=\"Path_4\" data-name=\"Path 4\" d=\"M10.5,10.5h10v10\" fill=\"none\" class=\"primary-stroke\"\r\n\t\t\t\t\t\t\t\tstroke-linecap=\"round\" stroke-linejoin=\"round\" stroke-width=\"2\"><\/path>\r\n\t\t\t\t\t\t<\/g>\r\n\t\t\t\t\t<\/svg>\r\n\t\t\t\t<\/a>\r\n\t\t\t<\/div>\r\n\t\t\r\n\t<\/div>\r\n<\/div>\t\t\t\t\t\t<\/div>\r\n\t\t\t\t\t\t<!--\r\n\t\t\t\t\t\t<div id=\"load-more-container\">\r\n\t\t\t\t\t\t\t<button id=\"load-more-button\">LOAD MORE<\/button>\r\n\t\t\t\t\t\t<\/div>\r\n\t\t\t\t\t\t-->\r\n\r\n\t\t\t\t\t\t<script>\r\n\t\t\t\t\t\t\tjQuery(function($) {\r\n\t\t\t\t\t\t\t\tvar page = 1;\r\n\t\t\t\t\t\t\t\t$('#load-more-button').on('click', function() {\r\n\t\t\t\t\t\t\t\t\tpage++;\r\n\t\t\t\t\t\t\t\t\tvar data = {\r\n\t\t\t\t\t\t\t\t\t\t'action': 'load_more_shop_dine',\r\n\t\t\t\t\t\t\t\t\t\t'page': page,\r\n\t\t\t\t\t\t\t\t\t};\r\n\t\t\t\t\t\t\t\t\t$.post('https:\/\/tarantocruiseport.com\/wp-admin\/admin-ajax.php', data, function(response) {\r\n\t\t\t\t\t\t\t\t\t\t$('#top-attractions-container').append(response);\r\n\t\t\t\t\t\t\t\t\t\tif (response == '') {\r\n\t\t\t\t\t\t\t\t\t\t\t$('#load-more-button').hide();\r\n\t\t\t\t\t\t\t\t\t\t}\r\n\t\t\t\t\t\t\t\t\t});\r\n\t\t\t\t\t\t\t\t});\r\n\t\t\t\t\t\t\t});\r\n\t\t\t\t\t\t<\/script>\r\n\r\n\t\t\t\t\t\r\n\t\t\t\t<\/div>\r\n\t\t\t<\/div>\r\n\t\t<\/div>\r\n\t<\/div>\r\n<\/section>\r\n\r\n\n\n\r\n\r\n\t<section class=\"section section-content-title section-destinations-others-slider-row footer-space-mr \">\r\n\t\t<div class=\"container\">\r\n\t\t\t<div class=\"row flex align-i-center\">\r\n\t\t\t\t<div class=\"cl-5\">\r\n\t\t\t\t\t\t\t\t\t\t\t<h3>ALTRO DA SCOPRIRE<\/h3>\r\n\t\t\t\t\t\t\t\t\t\t<h2>\r\n\t\t\t\t\t\tFacciamo shopping\t\t\t\t\t\t<br>\r\n\t\t\t\t\t\t<span class=\"primary-color\">Cosa comprare<\/span>\r\n\t\t\t\t\t<\/h2>\r\n\t\t\t\t<\/div>\r\n\t\t\t\t<div class=\"cl-7\">\r\n\t\t\t\t\t<p class=\"grey-color\">Scopri un'ampia variet\u00e0 di prodotti locali, tesori artigianali e regali unici che catturano lo spirito della zona.<\/p>\r\n\t\t\t\t<\/div>\r\n\t\t\t<\/div>\r\n\t\t\t<div class=\"row flex align-i-center destination-other-posts-wrapper\">\r\n\t\t\t\t\r\n\t\t\t\t\t\t\t\t\t\t\t\t<div class=\"cl-4\" id=\"pID-6635\">\r\n\t\t\t\t\t\t\t<div class=\"item\">\r\n\t\t\t\t\t\t\t\t<div class=\"post-destinations-listing-image\">\r\n\t\t\t\t\t\t\t\t\t<img decoding=\"async\" src=\"https:\/\/tarantocruiseport.com\/wp-content\/uploads\/sites\/51\/2025\/09\/Vino.png\" alt=\"\" class=\"w100\" \/>\r\n\t\t\t\t\t\t\t\t\t\t\t\t\t\t\t\t\t<\/div>\r\n\t\t\t\t\t\t\t\t<div class=\"post-destinations-title\">\r\n\t\t\t\t\t\t\t\t\tVino Primitivo\t\t\t\t\t\t\t\t<\/div>\r\n\t\t\t\t\t\t\t\t<div class=\"post-destinations-learn-more\">\r\n\t\t\t\t\t\t\t\t\t<a href=\"https:\/\/tarantocruiseport.com\/it\/cosa-comprare\/vino-primitivo\/\" class=\"cta primary-color\">\r\n\t\t\t\t\t\t\t\t\t\tSCOPRI DI PI\u00d9\t\t\t\t\t\t\t\t\t\t<svg xmlns=\"http:\/\/www.w3.org\/2000\/svg\" width=\"12.828\" height=\"12.829\" viewBox=\"0 0 12.828 12.829\">\r\n\t\t\t\t\t\t\t\t\t\t\t<g id=\"Icon_feather-arrow-up-right\" data-name=\"Icon feather-arrow-up-right\" transform=\"translate(-9.086 -9.086)\">\r\n\t\t\t\t\t\t\t\t\t\t\t\t<path id=\"Path_3\" data-name=\"Path 3\" d=\"M10.5,20.5l10-10\" fill=\"none\" class=\"primary-stroke\" stroke-linecap=\"round\" stroke-linejoin=\"round\" stroke-width=\"2\"><\/path>\r\n\t\t\t\t\t\t\t\t\t\t\t\t<path id=\"Path_4\" data-name=\"Path 4\" d=\"M10.5,10.5h10v10\" fill=\"none\" class=\"primary-stroke\" stroke-linecap=\"round\" stroke-linejoin=\"round\" stroke-width=\"2\"><\/path>\r\n\t\t\t\t\t\t\t\t\t\t\t<\/g>\r\n\t\t\t\t\t\t\t\t\t\t<\/svg>\r\n\t\t\t\t\t\t\t\t\t<\/a>\r\n\t\t\t\t\t\t\t\t<\/div>\r\n\t\t\t\t\t\t\t<\/div>\r\n\t\t\t\t\t\t<\/div>\r\n\r\n\t\t\t\t\r\n\t\t\t\t\t\t\t\t\t\t\t\t<div class=\"cl-4\" id=\"pID-6631\">\r\n\t\t\t\t\t\t\t<div class=\"item\">\r\n\t\t\t\t\t\t\t\t<div class=\"post-destinations-listing-image\">\r\n\t\t\t\t\t\t\t\t\t<img decoding=\"async\" src=\"https:\/\/tarantocruiseport.com\/wp-content\/uploads\/sites\/51\/2025\/09\/Taralli.png\" alt=\"\" class=\"w100\" \/>\r\n\t\t\t\t\t\t\t\t\t\t\t\t\t\t\t\t\t<\/div>\r\n\t\t\t\t\t\t\t\t<div class=\"post-destinations-title\">\r\n\t\t\t\t\t\t\t\t\tTaralli\t\t\t\t\t\t\t\t<\/div>\r\n\t\t\t\t\t\t\t\t<div class=\"post-destinations-learn-more\">\r\n\t\t\t\t\t\t\t\t\t<a href=\"https:\/\/tarantocruiseport.com\/it\/cosa-comprare\/taralli\/\" class=\"cta primary-color\">\r\n\t\t\t\t\t\t\t\t\t\tSCOPRI DI PI\u00d9\t\t\t\t\t\t\t\t\t\t<svg xmlns=\"http:\/\/www.w3.org\/2000\/svg\" width=\"12.828\" height=\"12.829\" viewBox=\"0 0 12.828 12.829\">\r\n\t\t\t\t\t\t\t\t\t\t\t<g id=\"Icon_feather-arrow-up-right\" data-name=\"Icon feather-arrow-up-right\" transform=\"translate(-9.086 -9.086)\">\r\n\t\t\t\t\t\t\t\t\t\t\t\t<path id=\"Path_3\" data-name=\"Path 3\" d=\"M10.5,20.5l10-10\" fill=\"none\" class=\"primary-stroke\" stroke-linecap=\"round\" stroke-linejoin=\"round\" stroke-width=\"2\"><\/path>\r\n\t\t\t\t\t\t\t\t\t\t\t\t<path id=\"Path_4\" data-name=\"Path 4\" d=\"M10.5,10.5h10v10\" fill=\"none\" class=\"primary-stroke\" stroke-linecap=\"round\" stroke-linejoin=\"round\" stroke-width=\"2\"><\/path>\r\n\t\t\t\t\t\t\t\t\t\t\t<\/g>\r\n\t\t\t\t\t\t\t\t\t\t<\/svg>\r\n\t\t\t\t\t\t\t\t\t<\/a>\r\n\t\t\t\t\t\t\t\t<\/div>\r\n\t\t\t\t\t\t\t<\/div>\r\n\t\t\t\t\t\t<\/div>\r\n\r\n\t\t\t\t\r\n\t\t\t\t\t\t\t\t\t\t\t\t<div class=\"cl-4\" id=\"pID-6627\">\r\n\t\t\t\t\t\t\t<div class=\"item\">\r\n\t\t\t\t\t\t\t\t<div class=\"post-destinations-listing-image\">\r\n\t\t\t\t\t\t\t\t\t<img decoding=\"async\" src=\"https:\/\/tarantocruiseport.com\/wp-content\/uploads\/sites\/51\/2025\/09\/Orecchiette.png\" alt=\"\" class=\"w100\" \/>\r\n\t\t\t\t\t\t\t\t\t\t\t\t\t\t\t\t\t<\/div>\r\n\t\t\t\t\t\t\t\t<div class=\"post-destinations-title\">\r\n\t\t\t\t\t\t\t\t\tOrecchiette\t\t\t\t\t\t\t\t<\/div>\r\n\t\t\t\t\t\t\t\t<div class=\"post-destinations-learn-more\">\r\n\t\t\t\t\t\t\t\t\t<a href=\"https:\/\/tarantocruiseport.com\/it\/cosa-comprare\/orecchiette\/\" class=\"cta primary-color\">\r\n\t\t\t\t\t\t\t\t\t\tSCOPRI DI PI\u00d9\t\t\t\t\t\t\t\t\t\t<svg xmlns=\"http:\/\/www.w3.org\/2000\/svg\" width=\"12.828\" height=\"12.829\" viewBox=\"0 0 12.828 12.829\">\r\n\t\t\t\t\t\t\t\t\t\t\t<g id=\"Icon_feather-arrow-up-right\" data-name=\"Icon feather-arrow-up-right\" transform=\"translate(-9.086 -9.086)\">\r\n\t\t\t\t\t\t\t\t\t\t\t\t<path id=\"Path_3\" data-name=\"Path 3\" d=\"M10.5,20.5l10-10\" fill=\"none\" class=\"primary-stroke\" stroke-linecap=\"round\" stroke-linejoin=\"round\" stroke-width=\"2\"><\/path>\r\n\t\t\t\t\t\t\t\t\t\t\t\t<path id=\"Path_4\" data-name=\"Path 4\" d=\"M10.5,10.5h10v10\" fill=\"none\" class=\"primary-stroke\" stroke-linecap=\"round\" stroke-linejoin=\"round\" stroke-width=\"2\"><\/path>\r\n\t\t\t\t\t\t\t\t\t\t\t<\/g>\r\n\t\t\t\t\t\t\t\t\t\t<\/svg>\r\n\t\t\t\t\t\t\t\t\t<\/a>\r\n\t\t\t\t\t\t\t\t<\/div>\r\n\t\t\t\t\t\t\t<\/div>\r\n\t\t\t\t\t\t<\/div>\r\n\r\n\t\t\t\t\r\n\t\t\t\t\t\t\t\t\t\t\t\t<div class=\"cl-4\" id=\"pID-6623\">\r\n\t\t\t\t\t\t\t<div class=\"item\">\r\n\t\t\t\t\t\t\t\t<div class=\"post-destinations-listing-image\">\r\n\t\t\t\t\t\t\t\t\t<img decoding=\"async\" src=\"https:\/\/tarantocruiseport.com\/wp-content\/uploads\/sites\/51\/2025\/09\/MUSTAZZOLI.png\" alt=\"\" class=\"w100\" \/>\r\n\t\t\t\t\t\t\t\t\t\t\t\t\t\t\t\t\t<\/div>\r\n\t\t\t\t\t\t\t\t<div class=\"post-destinations-title\">\r\n\t\t\t\t\t\t\t\t\tMustazzoli\t\t\t\t\t\t\t\t<\/div>\r\n\t\t\t\t\t\t\t\t<div class=\"post-destinations-learn-more\">\r\n\t\t\t\t\t\t\t\t\t<a href=\"https:\/\/tarantocruiseport.com\/it\/cosa-comprare\/mustazzoli\/\" class=\"cta primary-color\">\r\n\t\t\t\t\t\t\t\t\t\tSCOPRI DI PI\u00d9\t\t\t\t\t\t\t\t\t\t<svg xmlns=\"http:\/\/www.w3.org\/2000\/svg\" width=\"12.828\" height=\"12.829\" viewBox=\"0 0 12.828 12.829\">\r\n\t\t\t\t\t\t\t\t\t\t\t<g id=\"Icon_feather-arrow-up-right\" data-name=\"Icon feather-arrow-up-right\" transform=\"translate(-9.086 -9.086)\">\r\n\t\t\t\t\t\t\t\t\t\t\t\t<path id=\"Path_3\" data-name=\"Path 3\" d=\"M10.5,20.5l10-10\" fill=\"none\" class=\"primary-stroke\" stroke-linecap=\"round\" stroke-linejoin=\"round\" stroke-width=\"2\"><\/path>\r\n\t\t\t\t\t\t\t\t\t\t\t\t<path id=\"Path_4\" data-name=\"Path 4\" d=\"M10.5,10.5h10v10\" fill=\"none\" class=\"primary-stroke\" stroke-linecap=\"round\" stroke-linejoin=\"round\" stroke-width=\"2\"><\/path>\r\n\t\t\t\t\t\t\t\t\t\t\t<\/g>\r\n\t\t\t\t\t\t\t\t\t\t<\/svg>\r\n\t\t\t\t\t\t\t\t\t<\/a>\r\n\t\t\t\t\t\t\t\t<\/div>\r\n\t\t\t\t\t\t\t<\/div>\r\n\t\t\t\t\t\t<\/div>\r\n\r\n\t\t\t\t\r\n\t\t\t<\/div>\r\n\t\t<\/div>\r\n\t<\/section>\r\n","protected":false},"excerpt":{"rendered":"","protected":false},"author":17,"featured_media":0,"parent":6236,"menu_order":66,"comment_status":"closed","ping_status":"closed","template":"","meta":{"_acf_changed":false,"footnotes":""},"class_list":["post-6309","page","type-page","status-publish","hentry"],"acf":[],"_links":{"self":[{"href":"https:\/\/tarantocruiseport.com\/it\/wp-json\/wp\/v2\/pages\/6309","targetHints":{"allow":["GET"]}}],"collection":[{"href":"https:\/\/tarantocruiseport.com\/it\/wp-json\/wp\/v2\/pages"}],"about":[{"href":"https:\/\/tarantocruiseport.com\/it\/wp-json\/wp\/v2\/types\/page"}],"author":[{"embeddable":true,"href":"https:\/\/tarantocruiseport.com\/it\/wp-json\/wp\/v2\/users\/17"}],"replies":[{"embeddable":true,"href":"https:\/\/tarantocruiseport.com\/it\/wp-json\/wp\/v2\/comments?post=6309"}],"version-history":[{"count":6,"href":"https:\/\/tarantocruiseport.com\/it\/wp-json\/wp\/v2\/pages\/6309\/revisions"}],"predecessor-version":[{"id":7623,"href":"https:\/\/tarantocruiseport.com\/it\/wp-json\/wp\/v2\/pages\/6309\/revisions\/7623"}],"up":[{"embeddable":true,"href":"https:\/\/tarantocruiseport.com\/it\/wp-json\/wp\/v2\/pages\/6236"}],"wp:attachment":[{"href":"https:\/\/tarantocruiseport.com\/it\/wp-json\/wp\/v2\/media?parent=6309"}],"curies":[{"name":"wp","href":"https:\/\/api.w.org\/{rel}","templated":true}]}}