{"id":6325,"date":"2024-02-12T08:51:37","date_gmt":"2024-02-12T08:51:37","guid":{"rendered":"https:\/\/taranto.globalcruiseports.com\/?page_id=6325"},"modified":"2026-02-25T17:18:25","modified_gmt":"2026-02-25T17:18:25","slug":"condizioni-duso","status":"publish","type":"page","link":"https:\/\/tarantocruiseport.com\/it\/condizioni-duso\/","title":{"rendered":"Condizioni D&#8217;uso"},"content":{"rendered":"\r\n<section class=\"section page page-policy footer-space-mr \">\r\n\t<div class=\"container\">\r\n\t    <div class=\"row flex align-i-end\">\r\n        <div class=\"cl-5 page-header\">\r\n            <h5>CONDIZIONI D&#8217;USO<\/h5>\r\n            <h1>\r\n                Condizioni <br \/>\r\n                <span class=\"primary-color\">D&#8217;uso<\/span>\r\n            <\/h1>\r\n        <\/div>\r\n        <div class=\"cl-7 page-description\">\r\n            Le presenti Condizioni d&#8217;uso (di seguito denominate \u201cCondizioni\u201d) regolano l&#8217;accesso e l&#8217;utilizzo del sito web https:\/\/www.tarantocruiseport.com\/ (il \u201cSito web\u201d) e dei servizi forniti da Global Ports Holding Limited e dalle sue controllate operanti a Taranto (collettivamente denominate \u201cFORNITORE\u201d, \u201cnoi\u201d, \u2018ci\u2019 o \u201cnostro\u201d) .        <\/div>\r\n    <\/div>\r\n\t\t<div class=\"row flex page-sub-menu\">\r\n\t\t\t<div class=\"cl-12\">\r\n\t\t\t\t<ul class=\"flex align-i-center justify-c-center\">\r\n\t\t\t\t\t<li id=\"menu-item-6396\" class=\"menu-item menu-item-type-post_type menu-item-object-page menu-item-6396\"><a href=\"https:\/\/tarantocruiseport.com\/it\/informativa-sulla-privacy\/\">Informativa Sulla Privacy<\/a><\/li>\n<li id=\"menu-item-6397\" class=\"menu-item menu-item-type-post_type menu-item-object-page menu-item-6397\"><a href=\"https:\/\/tarantocruiseport.com\/it\/condizioni-duso\/\">Condizioni D&#8217;uso<\/a><\/li>\n<li id=\"menu-item-6876\" class=\"menu-item menu-item-type-post_type menu-item-object-page menu-item-6876\"><a href=\"https:\/\/tarantocruiseport.com\/it\/informazioni-legali\/\">Informazioni Legali<\/a><\/li>\n<li id=\"menu-item-6398\" class=\"menu-item menu-item-type-post_type menu-item-object-page menu-item-6398\"><a href=\"https:\/\/tarantocruiseport.com\/it\/politica-sui-cookie\/\">Politica sui cookie<\/a><\/li>\n\t\t\t\t<\/ul>\r\n\t\t\t<\/div>\r\n\t\t<\/div>\r\n\t\t<div class=\"row flex page-content justify-c-center\">\r\n\t\t\t<div class=\"cl-10 text-justify\">\r\n\t\t\t\tu003cbu003eCONDIZIONI D&#8217;USOu003c\/bu003ernrnu003cbu003e1. INTRODUZIONEu003c\/bu003ernrnu003cspan style=u0022font-weight: 400;u0022u003eLe presenti u003c\/spanu003eu003cbu003eCondizioni d&#8217;usou003c\/bu003eu003cspan style=u0022font-weight: 400;u0022u003e (di seguito denominate u003c\/spanu003eu003cbu003e\u201cCondizioni\u201du003c\/bu003eu003cspan style=u0022font-weight: 400;u0022u003e) regolano l&#8217;accesso e l&#8217;utilizzo del sito web u003c\/spanu003eu003cstrongu003eu003ca class=u0022primary-coloru0022 href=u0022https:\/\/www.tarantocruiseport.com\/u0022u003ehttps:\/\/www.tarantocruiseport.com\/u003c\/au003eu003c\/strongu003e u003cspan style=u0022font-weight: 400;u0022u003e(il u003c\/spanu003eu003cbu003e\u201cSito web\u201du003c\/bu003eu003cspan style=u0022font-weight: 400;u0022u003e) e dei servizi forniti da u003c\/spanu003eu003cbu003eGlobal Ports Holding Limitedu003c\/bu003eu003cspan style=u0022font-weight: 400;u0022u003e e dalle sue controllate operanti a u003c\/spanu003eu003cbu003eTarantou003c\/bu003eu003cspan style=u0022font-weight: 400;u0022u003e (collettivamente denominate u003c\/spanu003eu003cbu003e\u201cFORNITORE\u201d, \u201cnoi\u201d, \u2018ci\u2019 o \u201cnostro\u201du003c\/bu003eu003cspan style=u0022font-weight: 400;u0022u003e) .u003c\/spanu003ernrnu003cspan style=u0022font-weight: 400;u0022u003eAccedendo al Sito web o utilizzando i nostri servizi, l&#8217;utente (il u003c\/spanu003eu003cbu003e\u201cUTENTE\u201du003c\/bu003eu003cspan style=u0022font-weight: 400;u0022u003e) accetta di essere vincolato dai presenti Termini.u003c\/spanu003ernrnu003cspan style=u0022font-weight: 400;u0022u003eAccettando i presenti Termini, l&#8217;UTENTE:u003c\/spanu003ernu003culu003ern tu003cli style=u0022font-weight: 400;u0022 aria-level=u00221u0022u003eu003cbu003eConferma di aver letto, compreso e accettato i presenti Termini.u003c\/bu003eu003c\/liu003ern tu003cli style=u0022font-weight: 400;u0022 aria-level=u00221u0022u003eu003cbu003eDichiarau003c\/bu003eu003cspan style=u0022font-weight: 400;u0022u003e di avere la capacit\u00e0 giuridica di stipulare contratti in conformit\u00e0 con il Codice Civile italiano (u003c\/spanu003eu003ciu003eu003cspan style=u0022font-weight: 400;u0022u003eCodice Civileu003c\/spanu003eu003c\/iu003eu003cspan style=u0022font-weight: 400;u0022u003e).u003c\/spanu003eu003c\/liu003ern tu003cli style=u0022font-weight: 400;u0022 aria-level=u00221u0022u003eu003cbu003eSi assumeu003c\/bu003eu003cspan style=u0022font-weight: 400;u0022u003e tutti gli obblighi e le responsabilit\u00e0 qui stabiliti.u003c\/spanu003eu003c\/liu003ernu003c\/ulu003ernu003cspan style=u0022font-weight: 400;u0022u003eI presenti Termini rimangono validi a tempo indeterminato e si applicano a tutte le interazioni con il Sito web, salvo diversa indicazione da parte del FORNITORE.u003c\/spanu003ernrnu003cspan style=u0022font-weight: 400;u0022u003eIl FORNITORE si riserva il diritto di modificare i presenti Termini unilateralmente in qualsiasi momento, a condizione che tali modifiche non abbiano effetto retroattivo sui servizi o sui contratti gi\u00e0 eseguiti. Eventuali modifiche saranno comunicate attraverso il Sito web o altri canali appropriati, in conformit\u00e0 con gli articoli 49-51 del Codice del Consumo italiano e le disposizioni pertinenti del Decreto Legislativo n. 70\/2003 (attuazione della Direttiva sul commercio elettronico).u003c\/spanu003ernrnu0026nbsp;rnrnu003cbu003e2. PARTI DEL CONTRATTOu003c\/bu003ernrnu003cspan style=u0022font-weight: 400;u0022u003eLe parti contraenti delle presenti Condizioni sono:u003c\/spanu003ernu003culu003ern tu003cli style=u0022font-weight: 400;u0022 aria-level=u00221u0022u003eu003cbu003eIl FORNITORE: u003c\/bu003eu003cspan style=u0022font-weight: 400;u0022u003eGlobal Ports Holding Limited, societ\u00e0 registrata in Inghilterra e Galles con sede legale in 35 Albemarle Street, 3rd Floor, W1S 4JD, Londra \u2013 Regno Unito, e sede operativa in Corso Due Mari, 74123 Taranto TA, Italia.u003c\/spanu003eu003c\/liu003ern tu003cli style=u0022font-weight: 400;u0022 aria-level=u00221u0022u003eu003cbu003eL&#8217;UTENTEu003c\/bu003eu003cspan style=u0022font-weight: 400;u0022u003e: qualsiasi persona fisica che acceda al Sito web o utilizzi i servizi, responsabile di garantire l&#8217;accuratezza e la completezza di tutte le informazioni fornite durante le interazioni con il FORNITORE.u003c\/spanu003eu003c\/liu003ernu003c\/ulu003ernu0026nbsp;rnrnu003cbu003e3. FINALIT\u00c0 DELLE CONDIZIONIu003c\/bu003ernrnu003cspan style=u0022font-weight: 400;u0022u003eLe presenti Condizioni definiscono il rapporto contrattuale tra il FORNITORE e l&#8217;UTENTE, che sorge quando l&#8217;UTENTE interagisce con il FORNITORE tramite il Sito web o di persona presso il u003c\/spanu003eu003cbu003ePorto crocieristico di Tarantou003c\/bu003eu003cspan style=u0022font-weight: 400;u0022u003e. Il rapporto contrattuale riguarda principalmente la fornitura di servizi specifici come descritto sul sito web, in cambio di tariffe e condizioni visualizzate o altrimenti concordate.u003c\/spanu003ernrnu003cbu003eImportanti considerazioni di conformit\u00e0:u003c\/bu003ernu003culu003ern tu003cliu003eu003cbu003e Diritti dei consumatori e politiche di cancellazione: u003c\/bu003eu003cspan style=u0022font-weight: 400;u0022u003ei diritti dei consumatori garantiti dal Codice del Consumo italiano, in particolare dagli articoli 45-67, saranno rispettati e chiaramente comunicati nella sezione relativa ai diritti di recesso.u003c\/spanu003eu003c\/liu003ern tu003cliu003eu003cbu003e Transazioni di commercio elettronico: u003c\/bu003eu003cspan style=u0022font-weight: 400;u0022u003eai sensi del Decreto Legislativo n. 70\/2003, che attua in Italia la Direttiva UE sul commercio elettronico, tutti i termini devono essere messi a disposizione dell&#8217;UTENTE prima di completare qualsiasi transazione.u003c\/spanu003eu003c\/liu003ern tu003cliu003eu003cbu003e Trasparenza dei prezzi: u003c\/bu003eu003cspan style=u0022font-weight: 400;u0022u003eeventuali costi per i servizi saranno indicati in modo chiaro e accessibile, in conformit\u00e0 con gli articoli 21 e 22 del Codice del Consumo, e all&#8217;UTENTE sar\u00e0 richiesta una conferma esplicita prima di procedere con qualsiasi pagamento.u003c\/spanu003eu003c\/liu003ernu003c\/ulu003ernu0026nbsp;rnrnu003cbu003e4. PROCEDURA CONTRATTUALEu003c\/bu003ernrnu003cspan style=u0022font-weight: 400;u0022u003ePer utilizzare alcuni servizi offerti dal FORNITORE, l&#8217;UTENTE deve completare una procedura di registrazione sul Sito web. La registrazione comporta la fornitura di informazioni personali accurate e aggiornate in conformit\u00e0 con gli articoli 49-51 del Codice del Consumo italiano, nonch\u00e9 la creazione di un account utente sicuro con nome utente e password, che devono essere protetti e per i quali qualsiasi accesso non autorizzato o uso improprio deve essere segnalato immediatamente al FORNITORE. Con il completamento della registrazione, l&#8217;UTENTE riconosce e accetta che i propri dati personali saranno trattati in conformit\u00e0 con l&#8217;Informativa sulla privacy del FORNITORE, redatta in conformit\u00e0 con il Regolamento generale sulla protezione dei dati (GDPR) e il Decreto Legislativo n. 196\/2003 (modificato dal Decreto n. 101\/2018), e che l&#8217;accesso ai servizi \u00e8 soggetto a disponibilit\u00e0 e, ove applicabile, al completamento del pagamento come indicato nella Sezione 9 dei presenti Termini.u003c\/spanu003ernrnu0026nbsp;rnrnu003cbu003e5. CONDIZIONI GENERALI DI SERVIZIOu003c\/bu003ernrnu003cspan style=u0022font-weight: 400;u0022u003eLe seguenti condizioni generali si applicano a tutti i servizi resi disponibili tramite il Sito: tutti i servizi sono regolati esclusivamente dai presenti Termini e nessuna altra clausola, sia verbale che scritta, sar\u00e0 vincolante se non espressamente accettata per iscritto dal FORNITORE. I servizi sono forniti \u201ccos\u00ec come sono\u201d, senza alcuna garanzia o assicurazione oltre a quelle espressamente indicate nei presenti Termini o richieste dalla legislazione italiana e comunitaria applicabile. Per qualsiasi servizio soggetto a pagamento, il prezzo totale, comprensivo di IVA applicabile ed eventuali costi aggiuntivi, sar\u00e0 chiaramente comunicato all&#8217;UTENTE prima della conferma dell&#8217;acquisto, in conformit\u00e0 con l&#8217;articolo 13 del Decreto Legislativo n. 70\/2003 e gli articoli 49-51 del Codice del Consumo italianou003c\/spanu003ernrnu0026nbsp;rnrnu003cbu003e6. DIRITTO DI RECESSOu003c\/bu003ernrnu003cspan style=u0022font-weight: 400;u0022u003eL&#8217;UTENTE pu\u00f2 esercitare il diritto di recesso ai sensi degli articoli 52 e seguenti del Codice del Consumo, alle seguenti condizioni: l&#8217;UTENTE ha 14 giorni di calendario dalla conclusione del contratto di servizio per recedere, a meno che il servizio non sia gi\u00e0 stato interamente eseguito con il consenso esplicito dell&#8217;UTENTE e la sua accettazione della perdita del diritto di recesso al momento della completa esecuzione. Il diritto di recesso non si applica ai servizi personalizzati o che comportano la fornitura di contenuti digitali non forniti su un supporto materiale, la cui esecuzione sia iniziata con il previo consenso espresso dell&#8217;UTENTE e con la sua accettazione della perdita del diritto di recesso.u003c\/spanu003ernrnu0026nbsp;rnrnu003cbu003eCome esercitare il diritto di recessou003c\/bu003ernu003culu003ern tu003cli style=u0022font-weight: 400;u0022 aria-level=u00221u0022u003eu003cspan style=u0022font-weight: 400;u0022u003eLe richieste di recesso devono essere inviate via e-mail all&#8217;indirizzo u003c\/spanu003eu003cstrongu003eu003ca class=u0022primary-coloru0022 href=u0022mailto:info@tarantocruiseport.comu0022u003einfo@tarantocruiseport.comu003c\/au003eu003c\/strongu003eu003cspan style=u0022font-weight: 400;u0022u003e o per iscritto alla sede locale del FORNITORE a Taranto.u003c\/spanu003eu003c\/liu003ern tu003cli style=u0022font-weight: 400;u0022 aria-level=u00221u0022u003eu003cspan style=u0022font-weight: 400;u0022u003eSe il contratto \u00e8 stato concluso per via telematica, il diritto di recesso e le relative condizioni saranno presentati all&#8217;UTENTE prima della conferma della transazione, in conformit\u00e0 con l&#8217;articolo 51 del Codice del Consumo e la Direttiva 2011\/83\/UE7.u003c\/spanu003eu003c\/liu003ernu003c\/ulu003ernu0026nbsp;rnrnu003cbu003e7. CONTROVERSIE E RESPONSABILIT\u00c0u003c\/bu003ernrnu003cspan style=u0022font-weight: 400;u0022u003eIl FORNITORE si impegna a fornire un&#8217;esperienza fluida e soddisfacente a tutti gli UTENTI. Tuttavia, in caso di controversie, l&#8217;UTENTE pu\u00f2 presentare un reclamo scritto via e-mail all&#8217;indirizzo u003c\/spanu003eu003cstrongu003eu003ca class=u0022primary-coloru0022 href=u0022mailto:info@tarantocruiseport.comu0022u003einfo@tarantocruiseport.comu003c\/au003eu003c\/strongu003eu003cspan style=u0022font-weight: 400;u0022u003e, fornendo una descrizione dettagliata del problema. Il FORNITORE risponder\u00e0 ai reclami entro 30 giorni, risolvendo la questione o fornendo una spiegazione se la risoluzione non \u00e8 possibile entro tale termine. In conformit\u00e0 con l&#8217;articolo 141 e seguenti del Codice del Consumo italiano e con la Direttiva 2013\/11\/UE sulla risoluzione alternativa delle controversie (ADR), i consumatori possono anche accedere a meccanismi di risoluzione extragiudiziale delle controversie attraverso organismi ADR registrati presso il Ministero dello Sviluppo Economico o tramite la piattaforma di risoluzione delle controversie online (ODR) fornita dalla Commissione Europea, disponibile all&#8217;indirizzou003c\/spanu003eu003cstrongu003eu003ca class=u0022primary-coloru0022 href=u0022https:\/\/ec.europa.eu\/consumers\/odr?utm_source=chatgpt.comu0022u003e https:\/\/ec.europa.eu\/consumers\/odru003c\/au003eu003c\/strongu003eu003cspan style=u0022font-weight: 400;u0022u003e.u003c\/spanu003ernrnu0026nbsp;rnrnu003cbu003e8. FORZA MAGGIOREu003c\/bu003ernrnu003cspan style=u0022font-weight: 400;u0022u003eNessuna delle parti sar\u00e0 ritenuta responsabile per ritardi o inadempienze dovuti a circostanze al di fuori del proprio ragionevole controllo, inclusi, a titolo esemplificativo ma non esaustivo:u003c\/spanu003ernu003culu003ern tu003cli style=u0022font-weight: 400;u0022 aria-level=u00221u0022u003eu003cspan style=u0022font-weight: 400;u0022u003eCatastrofi naturali (ad esempio, terremoti, inondazioni, tempeste)u003c\/spanu003eu003c\/liu003ern tu003cli style=u0022font-weight: 400;u0022 aria-level=u00221u0022u003eu003cspan style=u0022font-weight: 400;u0022u003eAzioni governative o modifiche normativeu003c\/spanu003eu003c\/liu003ern tu003cli style=u0022font-weight: 400;u0022 aria-level=u00221u0022u003eu003cspan style=u0022font-weight: 400;u0022u003eAtti di guerra, terrorismo o disordini civiliu003c\/spanu003eu003c\/liu003ern tu003cli style=u0022font-weight: 400;u0022 aria-level=u00221u0022u003eu003cspan style=u0022font-weight: 400;u0022u003eControversie industriali o scioperi dei lavoratori non causati dalla parte interessatau003c\/spanu003eu003c\/liu003ernu003c\/ulu003ernu003cspan style=u0022font-weight: 400;u0022u003eIn caso di u003c\/spanu003eu003cbu003eforza maggioreu003c\/bu003eu003cspan style=u0022font-weight: 400;u0022u003e, la parte interessata deve informare l&#8217;altra parte senza indebito ritardo. Gli obblighi previsti dal presente accordo saranno sospesi per la durata dell&#8217;evento e riprenderanno una volta cessata la condizione di forza maggiore.u003c\/spanu003ernrnu003cspan style=u0022font-weight: 400;u0022u003eLa presente disposizione \u00e8 regolata dagli articoli 1256 e 1467 del Codice Civile italiano, che disciplinano l&#8217;impossibilit\u00e0 di adempimento e l&#8217;eccessivo onere.u003c\/spanu003ernrnu0026nbsp;rnrnu003cbu003e9. PREZZI E TERMINI DI PAGAMENTOu003c\/bu003ernrnu003cspan style=u0022font-weight: 400;u0022u003eTutti i prezzi dei servizi sono indicati in euro (EUR) e includono l&#8217;IVA italiana applicabile, salvo diversa indicazione. I pagamenti possono essere effettuati con carta di credito, bonifico bancario elettronico o altri metodi approvati indicati sul sito web, e qualsiasi domanda relativa ai pagamenti deve essere indirizzata a u003c\/spanu003eu003cstrongu003eu003ca class=u0022primary-coloru0022 href=u0022mailto:info@tarantocruiseport.comu0022u003einfo@tarantocruiseport.comu003c\/au003eu003c\/strongu003eu003cspan style=u0022font-weight: 400;u0022u003e. In conformit\u00e0 con il Decreto Legislativo n. 206\/2005 (Codice del Consumo italiano) e il Decreto Legislativo n. 70\/2003 che attua la Direttiva sul Commercio Elettronico (2000\/31\/CE), tutti i dettagli relativi ai prezzi saranno comunicati chiaramente all&#8217;UTENTE prima della conclusione di qualsiasi transazione. Il FORNITORE emetter\u00e0 inoltre fatture in conformit\u00e0 con le normative italiane applicabili in materia di fatturazione elettronica (fatturazione elettronica).u003c\/spanu003ernrnu0026nbsp;rnrnu003cbu003e10. LEGGE APPLICABILE E GIURISDIZIONEu003c\/bu003ernrnu003cspan style=u0022font-weight: 400;u0022u003eI presenti Termini saranno regolati e interpretati in conformit\u00e0 con le leggi della Repubblica Italiana, fatta salva la tutela accordata ai consumatori dalle disposizioni imperative della legge del loro paese di residenza ai sensi dell&#8217;articolo 6 del Regolamento (CE) n. 593\/2008 (Roma I).u003c\/spanu003ernrnu003cspan style=u0022font-weight: 400;u0022u003eQualsiasi controversia derivante da o relativa ai presenti Termini sar\u00e0 di competenza esclusiva dei tribunali competenti di Taranto, Italia, a meno che l&#8217;UTENTE non sia qualificato come consumatore ai sensi del Codice del Consumo italiano, nel qual caso la giurisdizione spetter\u00e0 al tribunale del luogo di residenza o domicilio dell&#8217;UTENTE ai sensi dell&#8217;articolo 66-bis del Codice del Consumo e del Regolamento (UE) n. 1215\/2012 (Bruxelles I bis).u003c\/spanu003ernrnu0026nbsp;rnrnu003cbu003e11. INFORMAZIONI DI CONTATTOu003c\/bu003ernrnu003cspan style=u0022font-weight: 400;u0022u003ePer qualsiasi domanda o dubbio, non esitate a contattarci:u003c\/spanu003ernrnu003cspan style=u0022font-weight: 400;u0022u003e\ud83d\udce7 u003c\/spanu003eu003cbu003eE-mailu003c\/bu003eu003cspan style=u0022font-weight: 400;u0022u003e: u003c\/spanu003eu003cstrongu003eu003ca class=u0022primary-coloru0022 href=u0022mailto:info@tarantocruiseport.comu0022u003einfo@tarantocruiseport.comu003c\/au003eu003c\/strongu003eu003cbu003e.u003c\/bu003ernrnu003cspan style=u0022font-weight: 400;u0022u003e\ud83d\udccd u003c\/spanu003eu003cbu003eIndirizzou003c\/bu003eu003cspan style=u0022font-weight: 400;u0022u003e: Porto Crocieristico di Taranto, Corso Due Mari, 74123 Taranto TA, Italia.u003c\/spanu003ernrnu0026nbsp;\t\t\t<\/div>\r\n\t\t<\/div>\r\n\t<\/div>\r\n<\/section>","protected":false},"excerpt":{"rendered":"","protected":false},"author":1,"featured_media":0,"parent":0,"menu_order":47,"comment_status":"closed","ping_status":"closed","template":"","meta":{"_acf_changed":false,"footnotes":""},"class_list":["post-6325","page","type-page","status-publish","hentry"],"acf":[],"_links":{"self":[{"href":"https:\/\/tarantocruiseport.com\/it\/wp-json\/wp\/v2\/pages\/6325","targetHints":{"allow":["GET"]}}],"collection":[{"href":"https:\/\/tarantocruiseport.com\/it\/wp-json\/wp\/v2\/pages"}],"about":[{"href":"https:\/\/tarantocruiseport.com\/it\/wp-json\/wp\/v2\/types\/page"}],"author":[{"embeddable":true,"href":"https:\/\/tarantocruiseport.com\/it\/wp-json\/wp\/v2\/users\/1"}],"replies":[{"embeddable":true,"href":"https:\/\/tarantocruiseport.com\/it\/wp-json\/wp\/v2\/comments?post=6325"}],"version-history":[{"count":14,"href":"https:\/\/tarantocruiseport.com\/it\/wp-json\/wp\/v2\/pages\/6325\/revisions"}],"predecessor-version":[{"id":7607,"href":"https:\/\/tarantocruiseport.com\/it\/wp-json\/wp\/v2\/pages\/6325\/revisions\/7607"}],"wp:attachment":[{"href":"https:\/\/tarantocruiseport.com\/it\/wp-json\/wp\/v2\/media?parent=6325"}],"curies":[{"name":"wp","href":"https:\/\/api.w.org\/{rel}","templated":true}]}}