{"id":6327,"date":"2024-02-12T08:51:57","date_gmt":"2024-02-12T08:51:57","guid":{"rendered":"https:\/\/taranto.globalcruiseports.com\/?page_id=6327"},"modified":"2026-02-25T17:18:25","modified_gmt":"2026-02-25T17:18:25","slug":"informazioni-legali","status":"publish","type":"page","link":"https:\/\/tarantocruiseport.com\/it\/informazioni-legali\/","title":{"rendered":"Informazioni Legali"},"content":{"rendered":"\r\n<section class=\"section page page-policy footer-space-mr \">\r\n\t<div class=\"container\">\r\n\t    <div class=\"row flex align-i-end\">\r\n        <div class=\"cl-5 page-header\">\r\n            <h5>INFORMAZIONI LEGALI<\/h5>\r\n            <h1>\r\n                Informazioni<br \/>\r\n                <span class=\"primary-color\">Legali<\/span>\r\n            <\/h1>\r\n        <\/div>\r\n        <div class=\"cl-7 page-description\">\r\n            Global Ports Holding Limited, Taranto Cruise Port (di seguito denominata il \u201cTITOLARE DEL TRATTAMENTO\u201d), fornisce il presente documento agli utenti del proprio sito web in ottemperanza agli obblighi previsti dal Decreto Legislativo n. 70 del 9 aprile 2003 (Attuazione della Direttiva UE sul commercio elettronico 2000\/31\/CE), che disciplina la fornitura di servizi della societ\u00e0 dell&#8217;informazione.        <\/div>\r\n    <\/div>\r\n\t\t<div class=\"row flex page-sub-menu\">\r\n\t\t\t<div class=\"cl-12\">\r\n\t\t\t\t<ul class=\"flex align-i-center justify-c-center\">\r\n\t\t\t\t\t<li id=\"menu-item-6396\" class=\"menu-item menu-item-type-post_type menu-item-object-page menu-item-6396\"><a href=\"https:\/\/tarantocruiseport.com\/it\/informativa-sulla-privacy\/\">Informativa Sulla Privacy<\/a><\/li>\n<li id=\"menu-item-6397\" class=\"menu-item menu-item-type-post_type menu-item-object-page menu-item-6397\"><a href=\"https:\/\/tarantocruiseport.com\/it\/condizioni-duso\/\">Condizioni D&#8217;uso<\/a><\/li>\n<li id=\"menu-item-6876\" class=\"menu-item menu-item-type-post_type menu-item-object-page menu-item-6876\"><a href=\"https:\/\/tarantocruiseport.com\/it\/informazioni-legali\/\">Informazioni Legali<\/a><\/li>\n<li id=\"menu-item-6398\" class=\"menu-item menu-item-type-post_type menu-item-object-page menu-item-6398\"><a href=\"https:\/\/tarantocruiseport.com\/it\/politica-sui-cookie\/\">Politica sui cookie<\/a><\/li>\n\t\t\t\t<\/ul>\r\n\t\t\t<\/div>\r\n\t\t<\/div>\r\n\t\t<div class=\"row flex page-content justify-c-center\">\r\n\t\t\t<div class=\"cl-10 text-justify\">\r\n\t\t\t\tu003cbu003eINFORMAZIONI LEGALIu003c\/bu003ernrnu003cbu003eLEGGE ITALIANA SULL&#8217;E-COMMERCE (D.Lgs. 70\/2003) E DIRETTIVA UE SULL&#8217;E-COMMERCE (2000\/31\/CE)u003c\/bu003ernrnu003cspan style=u0022font-weight: 400;u0022u003eGlobal Ports Holding Limited, Taranto Cruise Port (di seguito denominata il \u201cTITOLARE DEL TRATTAMENTO\u201d), fornisce il presente documento agli utenti del proprio sito web in ottemperanza agli obblighi previsti dal Decreto Legislativo n. 70 del 9 aprile 2003 (Attuazione della Direttiva UE sul commercio elettronico 2000\/31\/CE), che disciplina la fornitura di servizi della societ\u00e0 dell&#8217;informazione.u003c\/spanu003ernrnu003cspan style=u0022font-weight: 400;u0022u003eAccedendo al presente sito web, gli utenti acquisiscono lo status di \u201cUTENTE\u201d e accettano di aderire alle disposizioni contenute nel presente documento, nonch\u00e9 a qualsiasi altra clausola legale applicabile.u003c\/spanu003ernrnu003cspan style=u0022font-weight: 400;u0022u003eIl TITOLARE si riserva il diritto di modificare qualsiasi contenuto, termine o politica del presente sito web senza preavviso. Tali modifiche saranno considerate efficaci al momento della loro pubblicazione sul sito web.u003c\/spanu003ernrnu003cbu003e1. INFORMAZIONI DI IDENTIFICAZIONE (IMPRESSUM)u003c\/bu003ernrnu003cspan style=u0022font-weight: 400;u0022u003eAi sensi dell&#8217;articolo 7 del Decreto Legislativo n. 70\/2003, si forniscono le seguenti informazioni:u003c\/spanu003ernu003culu003ern tu003cli style=u0022font-weight: 400;u0022 aria-level=u00221u0022u003eu003cbu003eNome di dominiou003c\/bu003eu003cspan style=u0022font-weight: 400;u0022u003e: tarantocruiseport.comu003c\/spanu003eu003c\/liu003ern tu003cli style=u0022font-weight: 400;u0022 aria-level=u00221u0022u003eu003cbu003eDenominazione commercialeu003c\/bu003eu003cspan style=u0022font-weight: 400;u0022u003e: Taranto Cruise Portu003c\/spanu003eu003c\/liu003ern tu003cli style=u0022font-weight: 400;u0022 aria-level=u00221u0022u003eu003cbu003ePersona giuridicau003c\/bu003eu003cspan style=u0022font-weight: 400;u0022u003e: [.]u003c\/spanu003eu003c\/liu003ern tu003cli style=u0022font-weight: 400;u0022 aria-level=u00221u0022u003eu003cbu003eCodice fiscale\/Numero di registrazioneu003c\/bu003eu003cspan style=u0022font-weight: 400;u0022u003e: [.]u003c\/spanu003eu003c\/liu003ern tu003cli style=u0022font-weight: 400;u0022 aria-level=u00221u0022u003eu003cbu003eSede legaleu003c\/bu003eu003cspan style=u0022font-weight: 400;u0022u003e: [.]u003c\/spanu003eu003c\/liu003ern tu003cli style=u0022font-weight: 400;u0022 aria-level=u00221u0022u003eu003cbu003eNumero di telefonou003c\/bu003eu003cspan style=u0022font-weight: 400;u0022u003e: [.]u003c\/spanu003eu003c\/liu003ern tu003cli style=u0022font-weight: 400;u0022 aria-level=u00221u0022u003eu003cbu003eIndirizzo e-mailu003c\/bu003eu003cspan style=u0022font-weight: 400;u0022u003e: [.]u003c\/spanu003eu003c\/liu003ern tu003cli style=u0022font-weight: 400;u0022 aria-level=u00221u0022u003eu003cbu003eAmministratori delegatiu003c\/bu003eu003cspan style=u0022font-weight: 400;u0022u003e: [.]u003c\/spanu003eu003c\/liu003ern tu003cli style=u0022font-weight: 400;u0022 aria-level=u00221u0022u003eu003cbu003eInformazioni sul registro delle impreseu003c\/bu003eu003cspan style=u0022font-weight: 400;u0022u003e: [.]u003c\/spanu003eu003c\/liu003ern tu003cli style=u0022font-weight: 400;u0022 aria-level=u00221u0022u003eu003cbu003eAutorit\u00e0 di vigilanzau003c\/bu003eu003cspan style=u0022font-weight: 400;u0022u003e: [.]u003c\/spanu003eu003c\/liu003ernu003c\/ulu003ernu0026nbsp;rnrnu003cbu003e2. DIRITTI DI PROPRIET\u00c0 INTELLETTUALE E INDUSTRIALEu003c\/bu003ernrnu003cspan style=u0022font-weight: 400;u0022u003eIl contenuto di questo sito web, inclusi, a titolo esemplificativo ma non esaustivo, design, testi, immagini, grafica, loghi, icone, clip audio e video, download, interfaccia e codice sorgente, \u00e8 di propriet\u00e0 esclusiva del TITOLARE DEL TRATTAMENTO o \u00e8 utilizzato in base a licenze appropriate. Tali contenuti sono protetti dalla u003c\/spanu003eu003cbu003eLegge sul diritto d&#8217;autore (Legge n. 633\/1941)u003c\/bu003eu003cspan style=u0022font-weight: 400;u0022u003e e dalle u003c\/spanu003eu003cbu003enormative UEu003c\/bu003eu003cspan style=u0022font-weight: 400;u0022u003e pertinenti.u003c\/spanu003ernrnu003cspan style=u0022font-weight: 400;u0022u003eQualsiasi riproduzione, modifica, distribuzione o sfruttamento commerciale non autorizzato di tali contenuti \u00e8 severamente vietato e pu\u00f2 comportare responsabilit\u00e0 civili e penali.u003c\/spanu003ernrnu003cspan style=u0022font-weight: 400;u0022u003eI marchi e i loghi di terzi presenti sul sito web rimangono di propriet\u00e0 dei rispettivi titolari e sono utilizzati esclusivamente a scopo di riferimento. La loro inclusione non implica alcuna affiliazione, sponsorizzazione o approvazione da parte del TITOLARE DEL TRATTAMENTO.u003c\/spanu003ernrnu003cspan style=u0022font-weight: 400;u0022u003eLe presunte violazioni dei diritti di propriet\u00e0 intellettuale devono essere segnalate via e-mail all&#8217;indirizzo: u003c\/spanu003eu003cstrongu003eu003ca class=u0022primary-coloru0022 href=u0022mailto:info@tarantocruiseport.comu0022u003einfo@tarantocruiseport.comu003c\/au003eu003c\/strongu003ernrnu0026nbsp;rnrnu003cbu003e3. ESCLUSIONE DI RESPONSABILIT\u00c0u003c\/bu003ernrnu003cbu003eUtilizzo dei cookieu003c\/bu003ernrnu003cspan style=u0022font-weight: 400;u0022u003eQuesto sito web utilizza i cookie per migliorare l&#8217;esperienza dell&#8217;utente e garantirne il funzionamento ottimale. I cookie utilizzati sono principalmente tecnici e indispensabili per consentire una navigazione sicura ed efficiente. Gli utenti saranno informati se vengono implementati cookie che richiedono il consenso preventivo e sar\u00e0 ottenuto il consenso esplicito in conformit\u00e0 con il Regolamento generale sulla protezione dei dati (GDPR) e le normative italiane applicabili, comprese le linee guida dell&#8217;Autorit\u00e0 italiana per la protezione dei dati.u003c\/spanu003ernrnu003cspan style=u0022font-weight: 400;u0022u003eGli utenti possono configurare i propri browser per gestire le preferenze relative ai cookie o impedirne l&#8217;installazione. Per maggiori dettagli, si prega di fare riferimento alla sezione Politica sui cookie del nostro sito web.u003c\/spanu003ernrnu0026nbsp;rnrnu003cbu003eCollegamenti a contenuti di terze partiu003c\/bu003ernrnu003cspan style=u0022font-weight: 400;u0022u003eQuesto sito web pu\u00f2 contenere collegamenti a siti web esterni o contenuti forniti da terze parti. Il TITOLARE non si assume alcuna responsabilit\u00e0 per l&#8217;accuratezza, la legalit\u00e0 o l&#8217;adeguatezza di tali contenuti. Se un collegamento di terze parti dovesse violare le leggi applicabili o gli standard di decenza, il TITOLARE lo rimuover\u00e0 tempestivamente e, se necessario, ne dar\u00e0 comunicazione alle autorit\u00e0 competenti.u003c\/spanu003ernrnu0026nbsp;rnrnu003cbu003eContenuti generati dagli utentiu003c\/bu003ernrnu003cspan style=u0022font-weight: 400;u0022u003eIl TITOLARE NON \u00e8 responsabile dei contenuti generati dagli utenti (ad esempio commenti, post nei forum o interazioni sui social media) che possono apparire o essere collegati al sito web. Tuttavia, qualsiasi contenuto che violi le disposizioni di legge, i diritti di terzi o l&#8217;ordine pubblico sar\u00e0 rimosso previa notifica. Le segnalazioni possono essere inviate a: u003c\/spanu003eu003cstrongu003eu003ca class=u0022primary-coloru0022 href=u0022mailto:info@tarantocruiseport.comu0022u003einfo@tarantocruiseport.comu003c\/au003eu003c\/strongu003ernrnu0026nbsp;rnrnu003cbu003eDisponibilit\u00e0 del sito webu003c\/bu003ernrnu003cspan style=u0022font-weight: 400;u0022u003eIl TITOLARE si impegna a fornire un accesso ininterrotto al sito web. Tuttavia, la disponibilit\u00e0 pu\u00f2 essere influenzata da manutenzione tecnica, errori o eventi di forza maggiore quali scioperi, calamit\u00e0 naturali o interruzioni di Internet. Saranno compiuti sforzi ragionevoli per ridurre al minimo le interruzioni.u003c\/spanu003ernrnu0026nbsp;rnrnu003cbu003eIndirizzi IPu003c\/bu003ernrnu003cspan style=u0022font-weight: 400;u0022u003eIl sito web pu\u00f2 registrare automaticamente gli indirizzi IP e i nomi di dominio degli utenti a fini statistici e di sicurezza. Questi registri sono gestiti in conformit\u00e0 con il GDPR e il Codice in materia di protezione dei dati personali (Decreto Legislativo n. 196\/2003 e successive modifiche) e conservati in modo sicuro per il periodo richiesto prima di essere cancellati o resi anonimi.u003c\/spanu003ernrnu0026nbsp;rnrnu003cbu003e4. LEGGE APPLICABILE E GIURISDIZIONEu003c\/bu003ernrnu003cspan style=u0022font-weight: 400;u0022u003eIl presente sito web e il suo utilizzo sono regolati dalle leggi della Repubblica Italiana. Qualsiasi controversia derivante o relativa all&#8217;utilizzo del sito web sar\u00e0 di competenza esclusiva dei tribunali competenti di Taranto, Italia, salvo quanto diversamente previsto dalle leggi imperative in materia di tutela dei consumatori (art. 66-bis del Codice del Consumo italiano).u003c\/spanu003ernrnu0026nbsp;\t\t\t<\/div>\r\n\t\t<\/div>\r\n\t<\/div>\r\n<\/section>","protected":false},"excerpt":{"rendered":"","protected":false},"author":1,"featured_media":0,"parent":0,"menu_order":44,"comment_status":"closed","ping_status":"closed","template":"","meta":{"_acf_changed":false,"footnotes":""},"class_list":["post-6327","page","type-page","status-publish","hentry"],"acf":[],"_links":{"self":[{"href":"https:\/\/tarantocruiseport.com\/it\/wp-json\/wp\/v2\/pages\/6327","targetHints":{"allow":["GET"]}}],"collection":[{"href":"https:\/\/tarantocruiseport.com\/it\/wp-json\/wp\/v2\/pages"}],"about":[{"href":"https:\/\/tarantocruiseport.com\/it\/wp-json\/wp\/v2\/types\/page"}],"author":[{"embeddable":true,"href":"https:\/\/tarantocruiseport.com\/it\/wp-json\/wp\/v2\/users\/1"}],"replies":[{"embeddable":true,"href":"https:\/\/tarantocruiseport.com\/it\/wp-json\/wp\/v2\/comments?post=6327"}],"version-history":[{"count":8,"href":"https:\/\/tarantocruiseport.com\/it\/wp-json\/wp\/v2\/pages\/6327\/revisions"}],"predecessor-version":[{"id":7606,"href":"https:\/\/tarantocruiseport.com\/it\/wp-json\/wp\/v2\/pages\/6327\/revisions\/7606"}],"wp:attachment":[{"href":"https:\/\/tarantocruiseport.com\/it\/wp-json\/wp\/v2\/media?parent=6327"}],"curies":[{"name":"wp","href":"https:\/\/api.w.org\/{rel}","templated":true}]}}